{"id":4365,"date":"2026-02-19T17:55:06","date_gmt":"2026-02-19T15:55:06","guid":{"rendered":"https:\/\/fastpixel.io\/?page_id=4365"},"modified":"2026-02-19T17:57:03","modified_gmt":"2026-02-19T15:57:03","slug":"for-partners","status":"publish","type":"page","link":"https:\/\/fastpixel.io\/fr\/for-partners\/","title":{"rendered":"FastPixel &#8211; For Partners"},"content":{"rendered":"<div class=\"wp-block-uagb-container uagb-block-c1a3d22f alignfull uagb-is-root-container\"><div class=\"uagb-container-inner-blocks-wrap\">\n<div class=\"wp-block-uagb-info-box uagb-block-10de561e uagb-infobox__content-wrap  uagb-infobox-icon-above-title uagb-infobox-image-valign-top\"><div class=\"uagb-ifb-content\"><div class=\"uagb-ifb-title-wrap\"><h1 class=\"uagb-ifb-title\">Let&#8217;s Build Something <br>Fast <mark style=\"background-color:#ffdddb\" class=\"has-inline-color has-palette-color-1-color\">\u00a0Together\u00a0<\/mark><\/h1><\/div><p class=\"uagb-ifb-desc\">We&#8217;re FastPixel, a WordPress performance plugin built for speed, simplicity, and results. If you&#8217;re reading this, we think there&#8217;s a good chance we can do something great together.<\/p><\/div><\/div>\n\n\n\n<div class=\"wp-block-buttons has-custom-font-size is-content-justification-center is-layout-flex wp-container-core-buttons-is-layout-27e824de wp-block-buttons-is-layout-flex\" style=\"border-style:none;border-width:0px;margin-top:var(--wp--preset--spacing--50);margin-bottom:var(--wp--preset--spacing--50);font-size:clamp(14px, 0.875rem + ((1vw - 3.2px) * 0.234), 17px);\">\n<div class=\"wp-block-button is-style-fill\"><a class=\"wp-block-button__link has-custom-font-size wp-element-button\" href=\"#contact\" style=\"padding-top:var(--wp--preset--spacing--30);padding-right:var(--wp--preset--spacing--50);padding-bottom:var(--wp--preset--spacing--30);padding-left:var(--wp--preset--spacing--50);font-size:clamp(14px, 0.875rem + ((1vw - 3.2px) * 0.313), 18px);\">Let&#8217;s Partner<\/a><\/div>\n<\/div>\n<\/div><\/div>\n\n\n\n<div class=\"wp-block-uagb-container uagb-layout-flex uagb-block-75f056f4 alignfull uagb-is-root-container\"><div class=\"uagb-container-inner-blocks-wrap\">\n<div class=\"wp-block-uagb-info-box uagb-block-8e0e25a7 uagb-infobox__content-wrap  uagb-infobox-icon-above-title uagb-infobox-image-valign-top\"><div class=\"uagb-ifb-content\"><div class=\"uagb-ifb-title-wrap\"><span class=\"uagb-ifb-title-prefix\">ABOUT<\/span><h2 class=\"uagb-ifb-title\">Qu'est-ce que FastPixel ?<\/h2><\/div><\/div><\/div>\n\n\n\n<div class=\"wp-block-media-text alignwide is-stacked-on-mobile\" style=\"margin-top:var(--wp--preset--spacing--70);margin-bottom:var(--wp--preset--spacing--60);grid-template-columns:40% auto\"><figure class=\"wp-block-media-text__media\"><img decoding=\"async\" src=\"https:\/\/fastpixel.io\/wp-content\/uploads\/2023\/06\/fastpixel-features-fast.svg\" alt=\"\" class=\"wp-image-681 size-full\"\/><\/figure><div class=\"wp-block-media-text__content\">\n<p class=\"has-palette-color-7-color has-text-color has-link-color wp-elements-a60a4e1da4eeb073cca926c0b4bf2e1b\" style=\"font-size:14px;font-style:normal;font-weight:400;letter-spacing:1px;line-height:1.3\">TOUT-EN-UN<\/p>\n\n\n\n<h3 class=\"wp-block-heading has-medium-font-size\">One Plugin. Everything Included.<\/h3>\n\n\n\n<p>No need to install separate plugins for caching, images, and CDN. FastPixel bundles everything into a single, lightweight solution that works right out of the box.<\/p>\n\n\n\n<div class=\"wp-block-group is-nowrap is-layout-flex wp-container-core-group-is-layout-6c531013 wp-block-group-is-layout-flex\">\n<div class=\"wp-block-outermost-icon-block\"><div class=\"icon-container has-icon-color has-palette-color-4-color\" style=\"color:var(--theme-palette-color-4, #1ABDCA);width:23px;transform:rotate(0deg) scaleX(1) scaleY(1)\"><svg xmlns=\"http:\/\/www.w3.org\/2000\/svg\" height=\"24px\" viewbox=\"0 -960 960 960\" width=\"24px\" fill=\"#1abecb\"><path d=\"m424-296 282-282-56-56-226 226-114-114-56 56 170 170Zm56 216q-83 0-156-31.5T197-197q-54-54-85.5-127T80-480q0-83 31.5-156T197-763q54-54 127-85.5T480-880q83 0 156 31.5T763-763q54 54 85.5 127T880-480q0 83-31.5 156T763-197q-54 54-127 85.5T480-80Zm0-80q134 0 227-93t93-227q0-134-93-227t-227-93q-134 0-227 93t-93 227q0 134 93 227t227 93Zm0-320Z\"><\/path><\/svg><\/div><\/div>\n\n\n\n<p>Page caching<\/p>\n<\/div>\n\n\n\n<div class=\"wp-block-group is-nowrap is-layout-flex wp-container-core-group-is-layout-6c531013 wp-block-group-is-layout-flex\">\n<div class=\"wp-block-outermost-icon-block\"><div class=\"icon-container has-icon-color has-palette-color-4-color\" style=\"color:var(--theme-palette-color-4, #1ABDCA);width:23px;transform:rotate(0deg) scaleX(1) scaleY(1)\"><svg xmlns=\"http:\/\/www.w3.org\/2000\/svg\" height=\"24px\" viewbox=\"0 -960 960 960\" width=\"24px\" fill=\"#1abecb\"><path d=\"m424-296 282-282-56-56-226 226-114-114-56 56 170 170Zm56 216q-83 0-156-31.5T197-197q-54-54-85.5-127T80-480q0-83 31.5-156T197-763q54-54 127-85.5T480-880q83 0 156 31.5T763-763q54 54 85.5 127T880-480q0 83-31.5 156T763-197q-54 54-127 85.5T480-80Zm0-80q134 0 227-93t93-227q0-134-93-227t-227-93q-134 0-227 93t-93 227q0 134 93 227t227 93Zm0-320Z\"><\/path><\/svg><\/div><\/div>\n\n\n\n<p>Image optimization &amp; WebP conversion<\/p>\n<\/div>\n\n\n\n<div class=\"wp-block-group is-nowrap is-layout-flex wp-container-core-group-is-layout-6c531013 wp-block-group-is-layout-flex\">\n<div class=\"wp-block-outermost-icon-block\"><div class=\"icon-container has-icon-color has-palette-color-4-color\" style=\"color:var(--theme-palette-color-4, #1ABDCA);width:23px;transform:rotate(0deg) scaleX(1) scaleY(1)\"><svg xmlns=\"http:\/\/www.w3.org\/2000\/svg\" height=\"24px\" viewbox=\"0 -960 960 960\" width=\"24px\" fill=\"#1abecb\"><path d=\"m424-296 282-282-56-56-226 226-114-114-56 56 170 170Zm56 216q-83 0-156-31.5T197-197q-54-54-85.5-127T80-480q0-83 31.5-156T197-763q54-54 127-85.5T480-880q83 0 156 31.5T763-763q54 54 85.5 127T880-480q0 83-31.5 156T763-197q-54 54-127 85.5T480-80Zm0-80q134 0 227-93t93-227q0-134-93-227t-227-93q-134 0-227 93t-93 227q0 134 93 227t227 93Zm0-320Z\"><\/path><\/svg><\/div><\/div>\n\n\n\n<p>Global CDN included<\/p>\n<\/div>\n<\/div><\/div>\n\n\n\n<div class=\"wp-block-media-text alignwide has-media-on-the-right is-stacked-on-mobile\" style=\"margin-top:var(--wp--preset--spacing--60);margin-bottom:var(--wp--preset--spacing--60);grid-template-columns:auto 40%\"><div class=\"wp-block-media-text__content\">\n<p class=\"has-palette-color-7-color has-text-color has-link-color wp-elements-2853ce74ecd68cf88b31d66b9c5faa23\" style=\"font-size:14px;font-style:normal;font-weight:400;letter-spacing:1px;line-height:1.3\">SIMPLICITY<\/p>\n\n\n\n<h3 class=\"wp-block-heading\">Set It Up in Minutes<\/h3>\n\n\n\n<p>FastPixel is designed for everyone, from bloggers to agencies. Install it, pick a preset, and your site is already faster. No configuration headaches, no technical knowledge required.<\/p>\n\n\n\n<div class=\"wp-block-group is-nowrap is-layout-flex wp-container-core-group-is-layout-6c531013 wp-block-group-is-layout-flex\">\n<div class=\"wp-block-outermost-icon-block\"><div class=\"icon-container has-icon-color has-palette-color-4-color\" style=\"color:var(--theme-palette-color-4, #1ABDCA);width:23px;transform:rotate(0deg) scaleX(1) scaleY(1)\"><svg xmlns=\"http:\/\/www.w3.org\/2000\/svg\" height=\"24px\" viewbox=\"0 -960 960 960\" width=\"24px\" fill=\"#1abecb\"><path d=\"m424-296 282-282-56-56-226 226-114-114-56 56 170 170Zm56 216q-83 0-156-31.5T197-197q-54-54-85.5-127T80-480q0-83 31.5-156T197-763q54-54 127-85.5T480-880q83 0 156 31.5T763-763q54 54 85.5 127T880-480q0 83-31.5 156T763-197q-54 54-127 85.5T480-80Zm0-80q134 0 227-93t93-227q0-134-93-227t-227-93q-134 0-227 93t-93 227q0 134 93 227t227 93Zm0-320Z\"><\/path><\/svg><\/div><\/div>\n\n\n\n<p>Simple, clean interface<\/p>\n<\/div>\n\n\n\n<div class=\"wp-block-group is-nowrap is-layout-flex wp-container-core-group-is-layout-6c531013 wp-block-group-is-layout-flex\">\n<div class=\"wp-block-outermost-icon-block\"><div class=\"icon-container has-icon-color has-palette-color-4-color\" style=\"color:var(--theme-palette-color-4, #1ABDCA);width:23px;transform:rotate(0deg) scaleX(1) scaleY(1)\"><svg xmlns=\"http:\/\/www.w3.org\/2000\/svg\" height=\"24px\" viewbox=\"0 -960 960 960\" width=\"24px\" fill=\"#1abecb\"><path d=\"m424-296 282-282-56-56-226 226-114-114-56 56 170 170Zm56 216q-83 0-156-31.5T197-197q-54-54-85.5-127T80-480q0-83 31.5-156T197-763q54-54 127-85.5T480-880q83 0 156 31.5T763-763q54 54 85.5 127T880-480q0 83-31.5 156T763-197q-54 54-127 85.5T480-80Zm0-80q134 0 227-93t93-227q0-134-93-227t-227-93q-134 0-227 93t-93 227q0 134 93 227t227 93Zm0-320Z\"><\/path><\/svg><\/div><\/div>\n\n\n\n<p>Pre-configured optimization presets<\/p>\n<\/div>\n\n\n\n<div class=\"wp-block-group is-nowrap is-layout-flex wp-container-core-group-is-layout-6c531013 wp-block-group-is-layout-flex\">\n<div class=\"wp-block-outermost-icon-block\"><div class=\"icon-container has-icon-color has-palette-color-4-color\" style=\"color:var(--theme-palette-color-4, #1ABDCA);width:23px;transform:rotate(0deg) scaleX(1) scaleY(1)\"><svg xmlns=\"http:\/\/www.w3.org\/2000\/svg\" height=\"24px\" viewbox=\"0 -960 960 960\" width=\"24px\" fill=\"#1abecb\"><path d=\"m424-296 282-282-56-56-226 226-114-114-56 56 170 170Zm56 216q-83 0-156-31.5T197-197q-54-54-85.5-127T80-480q0-83 31.5-156T197-763q54-54 127-85.5T480-880q83 0 156 31.5T763-763q54 54 85.5 127T880-480q0 83-31.5 156T763-197q-54 54-127 85.5T480-80Zm0-80q134 0 227-93t93-227q0-134-93-227t-227-93q-134 0-227 93t-93 227q0 134 93 227t227 93Zm0-320Z\"><\/path><\/svg><\/div><\/div>\n\n\n\n<p>Works automatically in the background<\/p>\n<\/div>\n<\/div><figure class=\"wp-block-media-text__media\"><img decoding=\"async\" src=\"https:\/\/fastpixel.io\/wp-content\/uploads\/2023\/06\/fastpixel-features-allinone.svg\" alt=\"\" class=\"wp-image-683 size-full\"\/><\/figure><\/div>\n<\/div><\/div>\n\n\n\n<div class=\"wp-block-group alignfull has-palette-color-7-background-color has-background is-layout-constrained wp-block-group-is-layout-constrained\" id=\"test\" style=\"margin-bottom:0;padding-top:var(--wp--preset--spacing--80);padding-bottom:var(--wp--preset--spacing--80)\">\n<div class=\"wp-block-uagb-info-box uagb-block-8437b667 uagb-infobox__content-wrap  uagb-infobox-icon-above-title uagb-infobox-image-valign-top\"><div class=\"uagb-ifb-content\"><div class=\"uagb-ifb-title-wrap\"><span class=\"uagb-ifb-title-prefix\">WHY TRUST US<\/span><h2 class=\"uagb-ifb-title\">Built by the ShortPixel Team<\/h2><\/div><\/div><\/div>\n\n\n\n<p class=\"has-text-align-center has-palette-color-8-color has-text-color has-link-color wp-elements-4180cfc1675b23d1ba4aa69780b6c792\">FastPixel est d\u00e9velopp\u00e9 par les cr\u00e9ateurs de <strong><a href=\"https:\/\/shortpixel.com\/\" data-type=\"link\" data-id=\"https:\/\/shortpixel.com\/\">ShortPixel<\/a><\/strong>, whose plugins power <a href=\"https:\/\/profiles.wordpress.org\/shortpixel\/#content-plugins\" data-type=\"link\" data-id=\"https:\/\/profiles.wordpress.org\/shortpixel\/#content-plugins\" target=\"_blank\" rel=\"noreferrer noopener\"><span style=\"text-decoration: underline;\"><strong>over 1 million<\/strong><\/span><\/a> active WordPress sites. With over 10 years of experience in the industry, ShortPixel has built a strong reputation.<\/p>\n\n\n\n<div class=\"wp-block-buttons has-custom-font-size is-content-justification-center is-layout-flex wp-container-core-buttons-is-layout-3380ee0f wp-block-buttons-is-layout-flex\" style=\"border-style:none;border-width:0px;margin-top:var(--wp--preset--spacing--50);margin-bottom:0;font-size:clamp(14px, 0.875rem + ((1vw - 3.2px) * 0.234), 17px);\">\n<div class=\"wp-block-button is-style-fill\"><a class=\"wp-block-button__link has-custom-font-size wp-element-button\" href=\"#contact\" style=\"padding-top:var(--wp--preset--spacing--30);padding-right:var(--wp--preset--spacing--50);padding-bottom:var(--wp--preset--spacing--30);padding-left:var(--wp--preset--spacing--50);font-size:clamp(14px, 0.875rem + ((1vw - 3.2px) * 0.313), 18px);\">Contactez-nous<\/a><\/div>\n<\/div>\n<\/div>\n\n\n\n<div class=\"wp-block-uagb-container uagb-block-rghs21k1 alignfull uagb-is-root-container\"><div class=\"uagb-container-inner-blocks-wrap\">\n<div class=\"wp-block-uagb-info-box uagb-block-444f4c26 uagb-infobox__content-wrap  uagb-infobox-icon-above-title uagb-infobox-image-valign-top\"><div class=\"uagb-ifb-content\"><div class=\"uagb-ifb-title-wrap\"><span class=\"uagb-ifb-title-prefix\">PARTNERSHIPS<\/span><h2 class=\"uagb-ifb-title\">Why Partner with Us?<\/h2><\/div><\/div><\/div>\n\n\n\n<div class=\"wp-block-uagb-container uagb-block-4urkvufw\">\n<div class=\"wp-block-uagb-container uagb-block-m4s4tsxg\">\n<div class=\"wp-block-uagb-info-box uagb-block-qjgdv3af uagb-infobox__content-wrap  uagb-infobox-icon-above-title uagb-infobox-image-valign-top\"><div class=\"uagb-ifb-content\"><div class=\"uagb-ifb-image-content\"><img decoding=\"async\" src=\"https:\/\/fastpixel.io\/wp-content\/uploads\/2026\/02\/coupon.svg\" alt=\"\" width=\"35\" height=\"35\" loading=\"lazy\"\/><\/div><div class=\"uagb-ifb-title-wrap\"><h4 class=\"uagb-ifb-title\">Test Coupons<\/h4><\/div><p class=\"uagb-ifb-desc\">We offer test coupons so you can try it yourself before recommending us.<\/p><\/div><\/div>\n<\/div>\n\n\n\n<div class=\"wp-block-uagb-container uagb-block-slfbwq4u\">\n<div class=\"wp-block-uagb-info-box uagb-block-2lhenvcz uagb-infobox__content-wrap  uagb-infobox-icon-above-title uagb-infobox-image-valign-top\"><div class=\"uagb-ifb-content\"><div class=\"uagb-ifb-image-content\"><img decoding=\"async\" src=\"https:\/\/fastpixel.io\/wp-content\/uploads\/2026\/02\/handshake.svg\" alt=\"\" width=\"35\" height=\"35\" loading=\"lazy\"\/><\/div><div class=\"uagb-ifb-title-wrap\"><h4 class=\"uagb-ifb-title\">Flexible Partnerships<\/h4><\/div><p class=\"uagb-ifb-desc\">Affiliates, integrations, co-promotions, and many more.<\/p><\/div><\/div>\n<\/div>\n\n\n\n<div class=\"wp-block-uagb-container uagb-block-eokp8zdx\">\n<div class=\"wp-block-uagb-info-box uagb-block-ug4bj3ta uagb-infobox__content-wrap  uagb-infobox-icon-above-title uagb-infobox-image-valign-top\"><div class=\"uagb-ifb-content\"><div class=\"uagb-ifb-image-content\"><img decoding=\"async\" src=\"https:\/\/fastpixel.io\/wp-content\/uploads\/2026\/02\/team.svg\" alt=\"\" width=\"35\" height=\"35\" loading=\"lazy\"\/><\/div><div class=\"uagb-ifb-title-wrap\"><h4 class=\"uagb-ifb-title\">Experienced Team<\/h4><\/div><p class=\"uagb-ifb-desc\">Backed by a team that has been doing this for 10+ years.<\/p><\/div><\/div>\n<\/div>\n<\/div>\n<\/div><\/div>\n\n\n\n<div id=\"contact\" class=\"wp-block-uagb-container uagb-block-cl47kd3f alignfull uagb-is-root-container\"><div class=\"uagb-container-inner-blocks-wrap\">\n<div class=\"wp-block-uagb-info-box uagb-block-n2wlql6l uagb-infobox__content-wrap  uagb-infobox-icon-above-title uagb-infobox-image-valign-top\"><div class=\"uagb-ifb-content\"><div class=\"uagb-ifb-title-wrap\"><h6 class=\"uagb-ifb-title-prefix\">LET&#8217;S PARTNER<\/h6><h2 class=\"uagb-ifb-title\">Interested? Let&#8217;s Talk<\/h2><\/div><\/div><\/div>\n\n\n\n\t\t\t<link rel=\"stylesheet\" property=\"stylesheet\" href=\"https:\/\/fastpixel.io\/wp-content\/plugins\/happyforms\/bundles\/css\/frontend.css\" \/>\n\t\t\t\t<!-- HappyForms CSS variables -->\n\t<style>\n\t#happyforms-349 {\n\t\t--happyforms-part-title-font-size: 15px;\n--happyforms-part-description-font-size: 12px;\n--happyforms-part-value-font-size: 16px;\n--happyforms-submit-button-font-size: 16px;\n--happyforms-color-primary: #000000;\n--happyforms-color-success-notice: #ebf9f0;\n--happyforms-color-success-notice-text: #1eb452;\n--happyforms-color-error: #f23000;\n--happyforms-color-error-notice: #ffeeea;\n--happyforms-color-error-notice-text: #f23000;\n--happyforms-color-part-title: #666666;\n--happyforms-color-part-value: #000000;\n--happyforms-color-part-placeholder: #333333;\n--happyforms-color-part-description: #454545;\n--happyforms-color-part-border: #ced4da;\n--happyforms-color-part-border-focus: #1abdca;\n--happyforms-color-part-background: #f2f2f2;\n--happyforms-color-part-background-focus: #f2f2f2;\n--happyforms-color-submit-background: #ed332b;\n--happyforms-color-submit-background-hover: #b22c3c;\n--happyforms-color-submit-border: transparent;\n--happyforms-color-submit-text: #ffffff;\n--happyforms-color-submit-text-hover: #ffffff;\n--happyforms-color-table-row-odd: #fcfcfc;\n--happyforms-color-table-row-even: #efefef;\n--happyforms-color-table-row-odd-text: #000000;\n--happyforms-color-table-row-even-text: #000000;\n--happyforms-color-dropdown-item-bg: #ffffff;\n--happyforms-color-dropdown-item-text: #000000;\n--happyforms-color-dropdown-item-bg-hover: #f4f4f5;\n--happyforms-color-dropdown-item-text-hover: #000000;\n--happyforms-color-divider-hr: #cccccc;\n--happyforms-color-choice-checkmark-bg: #ffffff;\n--happyforms-color-choice-checkmark-bg-focus: #616161;\n--happyforms-color-choice-checkmark-color: #ffffff;\n\t}\n\t<\/style>\n\t<!-- End of HappyForms CSS variables -->\n\t\t<!-- HappyForms Additional CSS -->\n\t<style data-happyforms-additional-css>\n\t\t<\/style>\n\t<!-- End of HappyForms Additional CSS -->\n\t\t\t<link rel=\"stylesheet\" type=\"text\/css\" href=\"https:\/\/fastpixel.io\/wp-content\/plugins\/happyforms\/core\/assets\/css\/no-interaction.css\">\n\t\t<div class=\"happyforms-form happyforms-styles happyforms-form--part-border-radius-pill happyforms-form--submit-button-border-hide happyforms-form--submit-button-padding-narrow\" id=\"happyforms-349\">\n\t\t\n\t<form action=\"\" id=\"happyforms-form-349\" method=\"post\" novalidate=\"true\" autocomplete=\"off\" data-trp-original-action=\"\">\n\t\t\t\t<input type=\"hidden\" name=\"happyforms_random_seed\" value=\"1967133955\" \/>\n\t\t\n\t\t\t<input type=\"hidden\" name=\"action\" value=\"happyforms_message\">\n\t\t\t\t<input type=\"hidden\" name=\"client_referer\" value=\"\">\n\t\t\t\t<input type=\"hidden\" name=\"current_post_id\" value=\"\">\n\t\t\t\t<input type=\"hidden\" name=\"happyforms_form_id\" value=\"349\" \/>\n\t\t\t\t<input type=\"hidden\" name=\"happyforms_step\" value=\"0\" \/>\n\t\n\t\t<div class=\"happyforms-flex\">\n\t\t\t\t<label for=\"349-multi_line_text\" class=\"screen-reader-text\">Leave this field blank<\/label>\n\t<input type=\"text\" id=\"349-multi_line_text\" name=\"349-multi_line_text\" style=\"display: none;\" tabindex=\"-1\" autocomplete=\"off\" aria-hidden=\"true\">\n\t\t\t\t\t\t\t\t\t\t<div class=\"happyforms-form__part happyforms-part happyforms-part--single_line_text happyforms-part--width-half happyforms-part--label-show\" id=\"happyforms-349_single_line_text_0-part\" data-happyforms-type=\"single_line_text\" data-happyforms-id=\"single_line_text_0\" data-happyforms-required=\"\">\n\t<div class=\"happyforms-part-wrap\">\n\t\t\n\t\t\t\t\t\t<div class=\"happyforms-part__label-container\">\n\t\t\t\t<label for=\"happyforms-349_single_line_text_0\" class=\"happyforms-part__label\">\n\t\t\t<span class=\"label\">Nom<\/span>\n\t\t\t\t\t\t\t\t\t\t<span class=\"happyforms-required\">*<\/span>\n\t\t\t\t\t\t\t\t\t\t<span class=\"happyforms-optional\">(optional)<\/span>\n\t\t\t\t\t<\/label>\n\t\t\t<\/div>\n\t\t\t\n\t\t\n\t\t<div class=\"happyforms-part__el\">\n\t\t\t\n\t\t\t\n\t\t\t<div class=\"happyforms-input\">\n\t\t\t\t\n\t\t\t\t<input id=\"happyforms-349_single_line_text_0\" type=\"text\" name=\"349_single_line_text_0\" value=\"\" placeholder=\"Votre nom\" autocomplete=\"off\" spellcheck=\"false\"  autocorrect=\"off\" \/>\n\t\t\t\t\t\t\t<\/div>\n\n\t\t\t\n\t\t\t\n\t\t\t\t\t<\/div>\n\t<\/div>\n<\/div>\n<div class=\"happyforms-part--with-autocomplete happyforms-form__part happyforms-part happyforms-part--email happyforms-part--width-half happyforms-part--label-show\" id=\"happyforms-349_email_2-part\" data-happyforms-type=\"email\" data-happyforms-id=\"email_2\" data-happyforms-required=\"\">\n\t\t<div class=\"happyforms-part-wrap\">\n\t\t\t\t\t\t<div class=\"happyforms-part__label-container\">\n\t\t\t\t<label for=\"happyforms-349_email_2\" class=\"happyforms-part__label\">\n\t\t\t<span class=\"label\">Email<\/span>\n\t\t\t\t\t\t\t\t\t\t<span class=\"happyforms-required\">*<\/span>\n\t\t\t\t\t\t\t\t\t\t<span class=\"happyforms-optional\">(optional)<\/span>\n\t\t\t\t\t<\/label>\n\t\t\t<\/div>\n\t\t\t\n\t\t\n\t\t<div class=\"happyforms-part__el\">\n\t\t\t\n\t\t\t\n\t\t\t<div class=\"happyforms-input\">\n\t\t\t\t<input type=\"email\" name=\"349_email_2\" id=\"happyforms-349_email_2\" value=\"\" placeholder=\"Votre adresse e-mail\" autocomplete=\"off\" spellcheck=\"false\"  autocorrect=\"off\" \/>\n\t\t\t\t\t\t\t<\/div>\n\n\t\t\t\n\t\t\t\n\t\t\t\t\t<\/div>\n\t<\/div>\n<\/div>\n<div class=\"happyforms-form__part happyforms-part happyforms-part--multi_line_text happyforms-part--width-full happyforms-part--label-show\" id=\"happyforms-349_multi_line_text_3-part\" data-happyforms-type=\"multi_line_text\" data-happyforms-id=\"multi_line_text_3\" data-happyforms-required=\"\">\n\t<div class=\"happyforms-part-wrap\">\n\t\t\t\t\t\t<div class=\"happyforms-part__label-container\">\n\t\t\t\t<label for=\"happyforms-349_multi_line_text_3\" class=\"happyforms-part__label\">\n\t\t\t<span class=\"label\">Comment pouvons-nous vous aider ?<\/span>\n\t\t\t\t\t\t\t\t\t\t<span class=\"happyforms-required\">*<\/span>\n\t\t\t\t\t\t\t\t\t\t<span class=\"happyforms-optional\">(optional)<\/span>\n\t\t\t\t\t<\/label>\n\t\t\t<\/div>\n\t\t\t\n\t\t\n\t\t<div class=\"happyforms-part__el\">\n\t\t\t\n\t\t\t\t\t\t<textarea id=\"happyforms-349_multi_line_text_3\" name=\"349_multi_line_text_3\" rows=\"5\" placeholder=\"Votre message\" autocomplete=\"off\" spellcheck=\"false\" autocorrect=\"off\" ><\/textarea>\n\t\t\t\n\t\t\t\n\t\t\t\t\t<\/div>\n\t<\/div>\n<\/div>\n<div class=\"happyforms-part--choice display-type--block happyforms-form__part happyforms-part happyforms-part--checkbox happyforms-part--width-full happyforms-part--label-hidden\" id=\"happyforms-349_checkbox_4-part\" data-happyforms-type=\"checkbox\" data-happyforms-id=\"checkbox_4\" data-happyforms-required=\"\">\n\t<div class=\"happyforms-part-wrap\">\n\t\t\t<div class=\"happyforms-part__label-container\">\n\t\t\t<\/div>\n\t\n\t\t\n\t\t\n\t\t<div class=\"happyforms-part__el\">\n\t\t\t\n\t\t\t\t\t\t\t\t\t\t<div class=\"happyforms-part__option happyforms-part-option\" id=\"checkbox_4_0\">\n\t\t\t\t<label class=\"option-label\">\n\t\t\t\t\t<input type=\"checkbox\" class=\"happyforms-visuallyhidden happyforms-checkbox\" name=\"349_checkbox_4[]\" value=\"0\" data-serialize autocomplete=\"off\" spellcheck=\"false\"  >\n\t\t\t\t\t<span class=\"checkmark\"><svg xmlns=\"http:\/\/www.w3.org\/2000\/svg\" width=\"12\" height=\"12\" viewbox=\"0 0 24 24\"><path fill=\"currentColor\" d=\"M20.285 2l-11.285 11.567-5.286-5.011-3.714 3.716 9 8.728 15-15.285z\"\/><\/svg><\/span>\n\t\t\t\t\t<span class=\"label-wrap\">\n\t\t\t\t\t\t<span class=\"label\">J'accepte que ce site stocke et traite les informations personnelles soumises.<\/span>\t\t\t\t\t<\/span>\n\t\t\t\t<\/label>\n\t\t\t\t\t\t\t<\/div>\n\t\t\t\n\t\t\t\n\t\t\t\t\t<\/div>\n\t<\/div>\n<\/div>\n\t\t\t\t\t\t<div class=\"happyforms-form__part happyforms-part happyforms-part--submit\">\n\t\t<button type=\"submit\" class=\"happyforms-submit happyforms-button--submit\">Envoyer<\/button>\n\t<\/div>\t\t<\/div>\n\n\t\t\t<input type=\"hidden\" name=\"trp-form-language\" value=\"fr\"\/><\/form>\n\n\t<\/div>\n\n<\/div><\/div>\n\n\n\n<p><\/p>","protected":false},"excerpt":{"rendered":"<p>ALL-IN-ONE One Plugin. Everything Included. No need to install separate plugins for caching, images, and CDN. FastPixel bundles everything into a single, lightweight solution that works right out of the box. Page caching Image optimization &amp; WebP conversion Global CDN included SIMPLICITY Set It Up in Minutes FastPixel is designed for everyone, from bloggers to [&hellip;]<\/p>\n","protected":false},"author":2,"featured_media":1731,"parent":0,"menu_order":0,"comment_status":"closed","ping_status":"closed","template":"","meta":{"_uag_custom_page_level_css":"","footnotes":""},"class_list":["post-4365","page","type-page","status-publish","has-post-thumbnail","hentry"],"blocksy_meta":{"has_hero_section":"default","vertical_spacing_source":"custom","content_area_spacing":"bottom","content_style_source":"inherit","disable_header":"no","page_structure_type":"type-3"},"uagb_featured_image_src":{"full":["https:\/\/fastpixel.io\/wp-content\/uploads\/2023\/12\/fastpixel-cover.jpg",750,500,false],"thumbnail":["https:\/\/fastpixel.io\/wp-content\/uploads\/2023\/12\/fastpixel-cover-150x150.jpg",150,150,true],"medium":["https:\/\/fastpixel.io\/wp-content\/uploads\/2023\/12\/fastpixel-cover-300x200.jpg",300,200,true],"medium_large":["https:\/\/fastpixel.io\/wp-content\/uploads\/2023\/12\/fastpixel-cover.jpg",750,500,false],"large":["https:\/\/fastpixel.io\/wp-content\/uploads\/2023\/12\/fastpixel-cover.jpg",750,500,false],"1536x1536":["https:\/\/fastpixel.io\/wp-content\/uploads\/2023\/12\/fastpixel-cover.jpg",750,500,false],"2048x2048":["https:\/\/fastpixel.io\/wp-content\/uploads\/2023\/12\/fastpixel-cover.jpg",750,500,false],"trp-custom-language-flag":["https:\/\/fastpixel.io\/wp-content\/uploads\/2023\/12\/fastpixel-cover.jpg",18,12,false],"betterdocs-category-thumb":["https:\/\/fastpixel.io\/wp-content\/uploads\/2023\/12\/fastpixel-cover-360x240.jpg",360,240,true]},"uagb_author_info":{"display_name":"Andrei Alba","author_link":"https:\/\/fastpixel.io\/fr\/blog\/author\/andreialba\/"},"uagb_comment_info":0,"uagb_excerpt":"ALL-IN-ONE One Plugin. Everything Included. No need to install separate plugins for caching, images, and CDN. FastPixel bundles everything into a single, lightweight solution that works right out of the box. Page caching Image optimization &amp; WebP conversion Global CDN included SIMPLICITY Set It Up in Minutes FastPixel is designed for everyone, from bloggers to\u2026","_links":{"self":[{"href":"https:\/\/fastpixel.io\/fr\/wp-json\/wp\/v2\/pages\/4365","targetHints":{"allow":["GET"]}}],"collection":[{"href":"https:\/\/fastpixel.io\/fr\/wp-json\/wp\/v2\/pages"}],"about":[{"href":"https:\/\/fastpixel.io\/fr\/wp-json\/wp\/v2\/types\/page"}],"author":[{"embeddable":true,"href":"https:\/\/fastpixel.io\/fr\/wp-json\/wp\/v2\/users\/2"}],"replies":[{"embeddable":true,"href":"https:\/\/fastpixel.io\/fr\/wp-json\/wp\/v2\/comments?post=4365"}],"version-history":[{"count":21,"href":"https:\/\/fastpixel.io\/fr\/wp-json\/wp\/v2\/pages\/4365\/revisions"}],"predecessor-version":[{"id":4397,"href":"https:\/\/fastpixel.io\/fr\/wp-json\/wp\/v2\/pages\/4365\/revisions\/4397"}],"wp:featuredmedia":[{"embeddable":true,"href":"https:\/\/fastpixel.io\/fr\/wp-json\/wp\/v2\/media\/1731"}],"wp:attachment":[{"href":"https:\/\/fastpixel.io\/fr\/wp-json\/wp\/v2\/media?parent=4365"}],"curies":[{"name":"wp","href":"https:\/\/api.w.org\/{rel}","templated":true}]}}